{"id":6794,"date":"2024-07-20T15:42:23","date_gmt":"2024-07-20T15:42:23","guid":{"rendered":"https:\/\/solacium.it\/newsite\/?page_id=6794"},"modified":"2025-02-20T09:07:50","modified_gmt":"2025-02-20T09:07:50","slug":"newhome","status":"publish","type":"page","link":"http:\/\/solacium.it\/newsite\/","title":{"rendered":"Home 2024"},"content":{"rendered":"\n\n  <div class=\"banner has-hover has-parallax\" id=\"banner-2110166233\">\n          <div class=\"banner-inner fill\">\n        <div class=\"banner-bg fill\" data-parallax=\"-3\" data-parallax-container=\".banner\" data-parallax-background>\n            <img loading=\"lazy\" decoding=\"async\" width=\"1920\" height=\"1324\" src=\"http:\/\/solacium.it\/newsite\/wp-content\/uploads\/2024\/07\/baglio-delle-torri-01.jpg\" class=\"bg attachment-original size-original\" alt=\"\" \/>                        <div class=\"overlay\"><\/div>            \n                    <\/div>\n\t\t\t<div class=\"ux-shape-divider ux-shape-divider--top ux-shape-divider--style-curve-opacity\">\n\t\t<svg viewBox=\"0 0 1000 100\" xmlns=\"http:\/\/www.w3.org\/2000\/svg\" preserveAspectRatio=\"none\">\n\t\t<path class=\"ux-shape-fill\" opacity=\"0.15\" d=\"M0 14C0 14 88.64 17.48 300 50C560 90 814 77 1003 40L1015 68L1018 104H0V14Z\"\/>\n\t\t<path class=\"ux-shape-fill\" opacity=\"0.3\" d=\"M0 45C0 45 271 90.13 500 77C657 68 830 30 1015 14V100H0V45Z\"\/>\n\t\t<path class=\"ux-shape-fill\" d=\"M0 58C0 58 188.29 90 508 90C798 90 1002 55 1002 55V100H0V58Z\"\/>\n<\/svg>\n\t<\/div>\n\n        <div class=\"banner-layers container\">\n            <div class=\"fill banner-link\"><\/div>            \n\n   <div id=\"text-box-63435120\" class=\"text-box banner-layer x50 md-x95 lg-x95 y50 md-y50 lg-y50 res-text\">\n                     <div data-animate=\"fadeInLeft\">           <div class=\"text-box-content text dark\">\n              \n\t<div class=\"is-border is-dashed\"\n\t\tstyle=\"border-color:rgb(213, 213, 213);border-radius:92px;border-width:5px 5px 5px 5px;\">\n\t<\/div>\n              <div class=\"text-inner text-center\">\n                  \n\n\t<div id=\"text-3373210404\" class=\"text\">\n\t\t\n\n<h3 class=\"alt-font\">Matrimoni ed Eventi Privati<\/h3>\n<p>Un castello immerso nel verde dei vigneti e delle attivit\u00e0 agricole, facilmente raggiungibile dalla citt\u00e0, \u00e8 la cornice ideale per il vostro ricevimento<\/p>\n\t\t\n<style>\n#text-3373210404 {\n  color: #353535;\n}\n#text-3373210404 > * {\n  color: #353535;\n}\n<\/style>\n\t<\/div>\n\t\n<a href=\"https:\/\/solacium.it\/newsite\/gli-spazi\/\" class=\"button white\"  style=\"border-radius:99px;\">\n\t\t<span>Gli spazi<\/span>\n\t<\/a>\n\n\n\n              <\/div>\n           <\/div>\n       <\/div>                     \n<style>\n#text-box-63435120 .text-box-content {\n  background-color: rgba(249, 249, 249, 0.855);\n  border-radius: 98px;\n  font-size: 100%;\n}\n#text-box-63435120 .text-inner {\n  padding: 30px 30px 30px 30px;\n}\n#text-box-63435120 {\n  width: 80%;\n}\n@media (min-width:550px) {\n  #text-box-63435120 {\n    width: 32%;\n  }\n}\n<\/style>\n    <\/div>\n \n\n        <\/div>\n      <\/div>\n\n            \n<style>\n#banner-2110166233 {\n  padding-top: 540px;\n}\n#banner-2110166233 .overlay {\n  background-color: rgba(0, 0, 0, 0.3);\n}\n#banner-2110166233 .ux-shape-divider--top svg {\n  height: 150px;\n  --divider-top-width: 100%;\n}\n@media (min-width:550px) {\n  #banner-2110166233 .overlay {\n    background-color: rgba(255, 255, 255, 0.5);\n  }\n}\n<\/style>\n  <\/div>\n\n\n\n  <div class=\"banner has-hover has-parallax\" id=\"banner-1037866790\">\n          <div class=\"banner-inner fill\">\n        <div class=\"banner-bg fill\" data-parallax=\"-3\" data-parallax-container=\".banner\" data-parallax-background>\n            <img loading=\"lazy\" decoding=\"async\" width=\"1920\" height=\"1280\" src=\"http:\/\/solacium.it\/newsite\/wp-content\/uploads\/2024\/07\/allestimento-siciliano-cuscino-panca-di-pietra.jpg\" class=\"bg attachment-original size-original\" alt=\"\" \/>                        <div class=\"overlay\"><\/div>            \n                    <\/div>\n\t\t\n        <div class=\"banner-layers container\">\n            <div class=\"fill banner-link\"><\/div>            \n\n   <div id=\"text-box-1350995411\" class=\"text-box banner-layer x50 md-x5 lg-x5 y50 md-y50 lg-y50 res-text\">\n                     <div data-animate=\"fadeInLeft\">           <div class=\"text-box-content text dark\">\n              \n\t<div class=\"is-border is-dashed\"\n\t\tstyle=\"border-color:rgb(216, 216, 216);border-radius:92px;border-width:5px 5px 5px 5px;\">\n\t<\/div>\n              <div class=\"text-inner text-center\">\n                  \n\n\t<div id=\"text-3386020524\" class=\"text\">\n\t\t\n\n<h3 class=\"alt-font\">Eventi Aziendali<\/h3>\n<p>Cene di gala, eventi informali, incentive, team building, degustazioni di vino, cooking class, diteci la vostra idea e faremo del nostro meglio per realizzarla<\/p>\n\t\t\n<style>\n#text-3386020524 {\n  color: rgb(255,255,255);\n}\n#text-3386020524 > * {\n  color: rgb(255,255,255);\n}\n<\/style>\n\t<\/div>\n\t\n<a href=\"https:\/\/solacium.it\/newsite\/contatti\/\" class=\"button white\"  style=\"border-radius:99px;\">\n\t\t<span>Contattaci<\/span>\n\t<\/a>\n\n\n\n              <\/div>\n           <\/div>\n       <\/div>                     \n<style>\n#text-box-1350995411 .text-box-content {\n  background-color: rgba(99, 99, 99, 0.884);\n  border-radius: 98px;\n  font-size: 100%;\n}\n#text-box-1350995411 .text-inner {\n  padding: 30px 30px 30px 30px;\n}\n#text-box-1350995411 {\n  width: 80%;\n}\n@media (min-width:550px) {\n  #text-box-1350995411 {\n    width: 29%;\n  }\n}\n<\/style>\n    <\/div>\n \n\n        <\/div>\n      <\/div>\n\n            \n<style>\n#banner-1037866790 {\n  padding-top: 540px;\n}\n#banner-1037866790 .overlay {\n  background-color: rgba(180, 180, 180, 0.5);\n}\n<\/style>\n  <\/div>\n\n\n<div class=\"row row-collapse row-full-width\"  id=\"row-1537886970\">\n\n\n\t<div id=\"col-1814083791\" class=\"col medium-6 small-12 large-6\"  >\n\t\t\t\t<div class=\"col-inner\"  >\n\t\t\t\n\t\t\t\n\n\n  <div class=\"banner has-hover has-parallax\" id=\"banner-1709756929\">\n          <div class=\"banner-inner fill\">\n        <div class=\"banner-bg fill\" data-parallax=\"-1\" data-parallax-container=\".banner\" data-parallax-background>\n            <img loading=\"lazy\" decoding=\"async\" width=\"1920\" height=\"1280\" src=\"http:\/\/solacium.it\/newsite\/wp-content\/uploads\/2024\/07\/damarete-rosato-fiori-3.jpg\" class=\"bg attachment-original size-original\" alt=\"\" \/>                        <div class=\"overlay\"><\/div>            \n                    <\/div>\n\t\t\n        <div class=\"banner-layers container\">\n            <div class=\"fill banner-link\"><\/div>            \n\n   <div id=\"text-box-1151061508\" class=\"text-box banner-layer x50 md-x50 lg-x50 y50 md-y50 lg-y50 res-text\">\n              <div data-parallax=\"2\" data-parallax-fade=\"true\">                  <div class=\"text-box-content text dark\">\n              \n              <div class=\"text-inner text-center\">\n                  \n\n\t<div id=\"text-25081982\" class=\"text\">\n\t\t\n\n<h3 class=\"alt-font\">Cantine Pupillo<\/h3>\n<p>Nata negli anni &#8217;80 per riportare in vita il Moscato di Siracusa, la cantina fondata da Antonino Pupillo \u00e8 ora un fiore all&#8217;occhiello del comparto vitivinicolo della Val di Noto<\/p>\n\t\t\n<style>\n#text-25081982 {\n  color: rgb(255,255,255);\n}\n#text-25081982 > * {\n  color: rgb(255,255,255);\n}\n<\/style>\n\t<\/div>\n\t\n<a href=\"https:\/\/cantinepupillo.it\/\" class=\"button white\"  style=\"border-radius:99px;\">\n\t\t<span>i nostri vini<\/span>\n\t<\/a>\n\n\n\n              <\/div>\n           <\/div>\n              <\/div>              \n<style>\n#text-box-1151061508 .text-inner {\n  padding: 0px 15px 0px 15px;\n}\n#text-box-1151061508 {\n  width: 85%;\n}\n#text-box-1151061508 .text-box-content {\n  font-size: 150%;\n}\n@media (min-width:550px) {\n  #text-box-1151061508 {\n    width: 50%;\n  }\n}\n<\/style>\n    <\/div>\n \n\n        <\/div>\n      <\/div>\n\n            \n<style>\n#banner-1709756929 {\n  padding-top: 470px;\n}\n#banner-1709756929 .overlay {\n  background-color: rgba(70, 70, 70, 0.5);\n}\n#banner-1709756929 .banner-bg img {\n  object-position: 1;\n}\n<\/style>\n  <\/div>\n\n\n\n\t\t<\/div>\n\t\t\t\t\t<\/div>\n\n\t\n\n\t<div id=\"col-1340531285\" class=\"col medium-6 small-12 large-6\"  >\n\t\t\t\t<div class=\"col-inner\"  >\n\t\t\t\n\t\t\t\n\n\n  <div class=\"banner has-hover has-parallax\" id=\"banner-1681973729\">\n          <div class=\"banner-inner fill\">\n        <div class=\"banner-bg fill\" data-parallax=\"-1\" data-parallax-container=\".banner\" data-parallax-background>\n            <img loading=\"lazy\" decoding=\"async\" width=\"1109\" height=\"743\" src=\"http:\/\/solacium.it\/newsite\/wp-content\/uploads\/2024\/07\/screenshot-openstreetmaps.jpg\" class=\"bg attachment-original size-original\" alt=\"\" \/>                        <div class=\"overlay\"><\/div>            \n                    <\/div>\n\t\t\n        <div class=\"banner-layers container\">\n            <div class=\"fill banner-link\"><\/div>            \n\n   <div id=\"text-box-1607326285\" class=\"text-box banner-layer x50 md-x50 lg-x50 y50 md-y50 lg-y50 res-text\">\n              <div data-parallax=\"2\" data-parallax-fade=\"true\">                  <div class=\"text-box-content text dark\">\n              \n              <div class=\"text-inner text-center\">\n                  \n\n\t<div id=\"text-1874286323\" class=\"text\">\n\t\t\n\n<h3 class=\"alt-font\">Dove Siamo<\/h3>\n<p>Alle porte di Siracusa, il Castello del Solacium \u00e8 facilmente raggiungibile anche dalle province limitrofe grazie alla sua vicinanza all&#8217;autostrada che corre lungo tutta la costa Est della Sicilia<\/p>\n\t\t\n<style>\n#text-1874286323 {\n  color: rgb(255,255,255);\n}\n#text-1874286323 > * {\n  color: rgb(255,255,255);\n}\n<\/style>\n\t<\/div>\n\t\n<a href=\"https:\/\/solacium.it\/newsite\/contatti\/\" class=\"button white\"  style=\"border-radius:99px;\">\n\t\t<span>vai alla mappa<\/span>\n\t<\/a>\n\n\n\n              <\/div>\n           <\/div>\n              <\/div>              \n<style>\n#text-box-1607326285 .text-inner {\n  padding: 0px 15px 0px 15px;\n}\n#text-box-1607326285 {\n  width: 85%;\n}\n#text-box-1607326285 .text-box-content {\n  font-size: 150%;\n}\n@media (min-width:550px) {\n  #text-box-1607326285 {\n    width: 50%;\n  }\n}\n<\/style>\n    <\/div>\n \n\n        <\/div>\n      <\/div>\n\n            \n<style>\n#banner-1681973729 {\n  padding-top: 470px;\n}\n#banner-1681973729 .overlay {\n  background-color: rgba(28, 28, 28, 0.564);\n}\n<\/style>\n  <\/div>\n\n\n\n\t\t<\/div>\n\t\t\t\t\t<\/div>\n\n\t\n\n<\/div>\n\n","protected":false},"excerpt":{"rendered":"","protected":false},"author":1,"featured_media":0,"parent":0,"menu_order":0,"comment_status":"closed","ping_status":"closed","template":"page-blank.php","meta":{"footnotes":""},"class_list":["post-6794","page","type-page","status-publish","hentry"],"_links":{"self":[{"href":"http:\/\/solacium.it\/newsite\/wp-json\/wp\/v2\/pages\/6794"}],"collection":[{"href":"http:\/\/solacium.it\/newsite\/wp-json\/wp\/v2\/pages"}],"about":[{"href":"http:\/\/solacium.it\/newsite\/wp-json\/wp\/v2\/types\/page"}],"author":[{"embeddable":true,"href":"http:\/\/solacium.it\/newsite\/wp-json\/wp\/v2\/users\/1"}],"replies":[{"embeddable":true,"href":"http:\/\/solacium.it\/newsite\/wp-json\/wp\/v2\/comments?post=6794"}],"version-history":[{"count":20,"href":"http:\/\/solacium.it\/newsite\/wp-json\/wp\/v2\/pages\/6794\/revisions"}],"predecessor-version":[{"id":6956,"href":"http:\/\/solacium.it\/newsite\/wp-json\/wp\/v2\/pages\/6794\/revisions\/6956"}],"wp:attachment":[{"href":"http:\/\/solacium.it\/newsite\/wp-json\/wp\/v2\/media?parent=6794"}],"curies":[{"name":"wp","href":"https:\/\/api.w.org\/{rel}","templated":true}]}}